{"id":947,"date":"2018-12-16T11:24:57","date_gmt":"2018-12-16T11:24:57","guid":{"rendered":"http:\/\/www.pilates-ittigen.ch\/?page_id=947"},"modified":"2024-02-16T18:24:54","modified_gmt":"2024-02-16T18:24:54","slug":"stundenplan-preise","status":"publish","type":"page","link":"https:\/\/pilates-ittigen.ch\/?page_id=947","title":{"rendered":"Stundenplan &#038; Preise"},"content":{"rendered":"<div class=\"fusion-fullwidth fullwidth-box fusion-builder-row-1 fusion-flex-container has-pattern-background has-mask-background nonhundred-percent-fullwidth non-hundred-percent-height-scrolling\" style=\"background-color: #99e6e6;background-position: center center;background-repeat: no-repeat;border-width: 0px 0px 0px 0px;border-color:#eae9e9;border-style:solid;\" ><div class=\"fusion-builder-row fusion-row fusion-flex-align-items-flex-start\" style=\"max-width:1248px;margin-left: calc(-4% \/ 2 );margin-right: calc(-4% \/ 2 );\"><div class=\"fusion-layout-column fusion_builder_column fusion-builder-column-0 fusion_builder_column_1_1 1_1 fusion-flex-column\"><div class=\"fusion-column-wrapper fusion-flex-justify-content-flex-start fusion-content-layout-column\" style=\"background-position:left top;background-repeat:no-repeat;-webkit-background-size:cover;-moz-background-size:cover;-o-background-size:cover;background-size:cover;background-color:#99e6e6;padding: 0px 0px 0px 0px;\"><div class=\"fusion-text fusion-text-1\"><h4>Stundenplan<\/h4>\n<table style=\"height: 92px;\" width=\"409\">\n<tbody>\n<tr>\n<td width=\"113\"><strong>Dienstag<\/strong><\/td>\n<td width=\"123\"><strong>Donnerstag<\/strong><\/td>\n<\/tr>\n<tr>\n<td width=\"113\">9.00 \u2013 10.00<\/td>\n<td width=\"123\">9.00 \u2013 10.00\u00a0 \/ 10.10 &#8211; 11.10<\/td>\n<\/tr>\n<tr>\n<td width=\"113\">\u00a0<\/td>\n<td width=\"123\">\u00a0<\/td>\n<\/tr>\n<\/tbody>\n<\/table>\n<p><strong>Personal Training 60 Min.<br \/><\/strong>M\u00f6chtest du gezielt bestimmte Muskelgruppen kr\u00e4ftigen? Oder hast du seit L\u00e4ngerem Beschwerden am Bewegungsapparat und m\u00f6chtest etwas tun um deine Schmerzen zu lindern ? Gerne definiere ich mit dir zusammen ein Ziel und stelle ein auf deine Bed\u00fcrfnisse angepasstes \u00dcbungsprogramm zusammen, damit du dich wieder gut f\u00fchlst in deinem K\u00f6rper.<\/p>\n<p>Als ausgebildete Physiotherapeutin besteht meine St\u00e4rke darin, Defizite und Schwachstellen am Bewegungsapparat rasch zu erkennen und diese ganz gezielt zu trainieren. Melde dich einfach, ich freue mich auf die Zusammenarbeit mit dir!<\/p>\n<h4>Preise<\/h4>\n<ul>\n<li><strong>Schnupperlektion<\/strong>: kostenlos<\/li>\n<li>Es werden <strong>nur Quartalsabonnements<\/strong> ausgestellt<\/li>\n<li><strong>Einzellektionen<\/strong> k\u00f6nnen nicht gebucht werden<\/li>\n<li><strong>Personal Training 60 Min &#8211;<\/strong> CHF 120.00<\/li>\n<\/ul>\n<\/div><\/div><style type=\"text\/css\">.fusion-body .fusion-builder-column-0{width:100% !important;margin-top : 0px;margin-bottom : 0px;}.fusion-builder-column-0 > .fusion-column-wrapper {padding-top : 0px !important;padding-right : 0px !important;margin-right : 1.92%;padding-bottom : 0px !important;padding-left : 0px !important;margin-left : 1.92%;}@media only screen and (max-width:1024px) {.fusion-body .fusion-builder-column-0{width:100% !important;order : 0;}.fusion-builder-column-0 > .fusion-column-wrapper {margin-right : 1.92%;margin-left : 1.92%;}}@media only screen and (max-width:640px) {.fusion-body .fusion-builder-column-0{width:100% !important;order : 0;}.fusion-builder-column-0 > .fusion-column-wrapper {margin-right : 1.92%;margin-left : 1.92%;}}<\/style><\/div><\/div><style type=\"text\/css\">.fusion-body .fusion-flex-container.fusion-builder-row-1{ padding-top : 0px;margin-top : 0px;padding-right : 0px;padding-bottom : 0px;margin-bottom : 0px;padding-left : 0px;}<\/style><\/div>\n","protected":false},"excerpt":{"rendered":"","protected":false},"author":1,"featured_media":0,"parent":0,"menu_order":0,"comment_status":"closed","ping_status":"closed","template":"","meta":{"footnotes":""},"class_list":["post-947","page","type-page","status-publish","hentry"],"_links":{"self":[{"href":"https:\/\/pilates-ittigen.ch\/index.php?rest_route=\/wp\/v2\/pages\/947","targetHints":{"allow":["GET"]}}],"collection":[{"href":"https:\/\/pilates-ittigen.ch\/index.php?rest_route=\/wp\/v2\/pages"}],"about":[{"href":"https:\/\/pilates-ittigen.ch\/index.php?rest_route=\/wp\/v2\/types\/page"}],"author":[{"embeddable":true,"href":"https:\/\/pilates-ittigen.ch\/index.php?rest_route=\/wp\/v2\/users\/1"}],"replies":[{"embeddable":true,"href":"https:\/\/pilates-ittigen.ch\/index.php?rest_route=%2Fwp%2Fv2%2Fcomments&post=947"}],"version-history":[{"count":14,"href":"https:\/\/pilates-ittigen.ch\/index.php?rest_route=\/wp\/v2\/pages\/947\/revisions"}],"predecessor-version":[{"id":1231,"href":"https:\/\/pilates-ittigen.ch\/index.php?rest_route=\/wp\/v2\/pages\/947\/revisions\/1231"}],"wp:attachment":[{"href":"https:\/\/pilates-ittigen.ch\/index.php?rest_route=%2Fwp%2Fv2%2Fmedia&parent=947"}],"curies":[{"name":"wp","href":"https:\/\/api.w.org\/{rel}","templated":true}]}}